{"id":344,"date":"2023-05-03T07:40:47","date_gmt":"2023-05-03T05:40:47","guid":{"rendered":"https:\/\/www.villa-bora.net\/o-nama\/"},"modified":"2023-05-25T13:52:07","modified_gmt":"2023-05-25T11:52:07","slug":"villa-bora-moscenicka-draga-opatija","status":"publish","type":"page","link":"https:\/\/www.villa-bora.net\/en\/villa-bora-moscenicka-draga-opatija\/","title":{"rendered":"About the Villa"},"content":{"rendered":"<div class=\"wpb-content-wrapper\"><p>[vc_row full_width=&#8221;stretch_row_content_no_spaces&#8221; css=&#8221;.vc_custom_1683890907194{background-image: url(https:\/\/www.villa-bora.net\/wp-content\/uploads\/2023\/05\/villa-bora-moscenicka-draga-croatia-accommodation-rooms-private.jpg?id=854) !important;background-position: center !important;background-repeat: no-repeat !important;background-size: cover !important;}&#8221;][vc_column]<div class=\"cz_gap clr  hide_on_tablet hide_on_mobile\" style=\"height: 250px\"><\/div><div class=\"cz_gap show_on_tablet clr  show_only_tablet\" style=\"height: 100px\"><\/div><div class=\"cz_gap show_on_mobile clr\" style=\"height: 100px\"><\/div><div id=\"cz_89149\" class=\"cz_89149 cz_title clr cz_title_pos_inline tac\"><div class=\"cz_title_content\"><div class=\"cz_wpe_content\"><h1 style=\"text-align: center;\">About the Villa<\/h1>\n<\/div><\/div><\/div><div class=\"cz_gap clr  hide_on_tablet hide_on_mobile\" style=\"height: 250px\"><\/div><div class=\"cz_gap show_on_tablet clr  show_only_tablet\" style=\"height: 100px\"><\/div><div class=\"cz_gap show_on_mobile clr\" style=\"height: 100px\"><\/div>[\/vc_column][\/vc_row][vc_row][vc_column]<div class=\"cz_gap clr  hide_on_tablet hide_on_mobile\" style=\"height: 75px\"><\/div><div class=\"cz_gap show_on_tablet clr  show_only_tablet\" style=\"height: 55px\"><\/div><div class=\"cz_gap show_on_mobile clr\" style=\"height: 35px\"><\/div>[\/vc_column][\/vc_row][vc_row][vc_column width=&#8221;1\/2&#8243;]<div id=\"cz_61690\" class=\"cz_61690 cz_title clr cz_title_ba_line cz_title_pos_inline wpb_animate_when_almost_visible top-to-bottom\"><div class=\"cz_title_content\"><div class=\"cz_wpe_content\"><h2>About Villa Bora<\/h2>\n<\/div><div class=\"cz_title_line cz_line_after_title\"><span>_<\/span><\/div><\/div><\/div><div id=\"cz_107630\" class=\"cz_107630 cz_title clr cz_title_pos_inline wpb_animate_when_almost_visible fadeIn\"><div class=\"cz_title_content\"><div class=\"cz_wpe_content\"><p>Villa Bora is a beautiful estate located in a secluded area above Mo\u0161\u0107eni\u010dka Draga, in the U\u010dka Nature Park. It is an ideal retreat for those seeking complete peace in a natural environment. The location is perfect, as it is situated near popular destinations, historical cities, beaches, and excellent restaurants in the Kvarner region. Villa Bora offers private accommodation in spacious rooms with private bathrooms and balconies overlooking the beautiful Kvarner islands. A breakfast made from locally sourced ingredients is included.<\/p>\n<p>&nbsp;<\/p>\n<p>The villa is situated at an altitude of 500 meters in the U\u010dka Nature Park, where you can enjoy various sports activities such as mountain biking, hiking, walking in nature, and more.<\/p>\n<p>&nbsp;<\/p>\n<p>The villa offers you complete peace and a relaxing vacation with a beautiful swimming pool, where you can enjoy refreshing drinks and have a wonderful view of the sea and the Kvarner islands.<\/p>\n<p>&nbsp;<\/p>\n<p>Imagine yourself enjoying the sun while gazing at the endless sea on the horizon.<br \/>\nWe offer you a diverse and healthy breakfast made from our own garden produce and local farms, which is included with your accommodation in spacious rooms with private bathrooms and balconies overlooking the sea.<\/p>\n<\/div><\/div><\/div>[\/vc_column][vc_column width=&#8221;1\/2&#8243; el_class=&#8221;gall_box&#8221;]<div class=\"cz_svg clr\" style=\"background-image: url(https:\/\/www.villa-bora.net\/wp-content\/uploads\/2023\/05\/villa-bora-moscenicka-draga-opatija-croatia-accommodation-private-rooms-breakfast-10.jpg);\"><svg xmlns=\"http:\/\/www.w3.org\/2000\/svg\" viewBox=\"0 0 1000 800\">\n<path style=\"fill:#ffffff;stroke:#ffffff;stroke-width: 2px\" d=\"M0,0H1000V800H0V0ZM674,56V682H973V56H674ZM351,79V705H651V79H351ZM29,102V728H328V102H29Z\"\/>\n<\/svg><\/div>[\/vc_column][vc_column]<div class=\"cz_gap clr  hide_on_tablet hide_on_mobile\" style=\"height: 75px\"><\/div><div class=\"cz_gap show_on_tablet clr  show_only_tablet\" style=\"height: 55px\"><\/div><div class=\"cz_gap show_on_mobile clr\" style=\"height: 35px\"><\/div>[\/vc_column][\/vc_row][vc_row full_width=&#8221;stretch_row&#8221; css=&#8221;.vc_custom_1683095317220{background-color: rgba(6,122,238,0.14) !important;*background-color: rgb(6,122,238) !important;}&#8221;][vc_column][vc_column_text css=&#8221;.vc_custom_1657612593560{margin-top: 35px !important;}&#8221;][\/vc_column_text][\/vc_column][\/vc_row][vc_section full_width=&#8221;stretch_row&#8221; css=&#8221;.vc_custom_1657192366261{background-color: #f7f7f7 !important;}&#8221;][vc_row][vc_column]<div class=\"cz_gap clr  hide_on_tablet hide_on_mobile\" style=\"height: 75px\"><\/div><div class=\"cz_gap show_on_tablet clr  show_only_tablet\" style=\"height: 55px\"><\/div><div class=\"cz_gap show_on_mobile clr\" style=\"height: 35px\"><\/div>[\/vc_column][\/vc_row][vc_row][vc_column width=&#8221;1\/3&#8243;][vc_column_text]<\/p>\n<h3 class=\"labela-facilities\"><strong>Type and size<\/strong><\/h3>\n<div class=\"facilities-data-holder\">\n<div class=\"facilities-row-holder\">\n<div class=\"ico-holder\">\n<div class=\"facilities-row-holder\">\n<div class=\"ico-holder\">Villa size: 250 m<sup>2<\/sup><\/div>\n<\/div>\n<div class=\"facilities-row-holder\">\n<div class=\"ico-holder\">Land area: 1400 m<sup>2<\/sup><\/div>\n<\/div>\n<div class=\"facilities-row-holder\">\n<div class=\"ico-holder\">Type: freestanding structure<\/div>\n<\/div>\n<div class=\"facilities-row-holder\">\n<div class=\"ico-holder\">Max. number of guests: 6 persons in 3 rooms (crib available upon request)<\/div>\n<\/div>\n<\/div>\n<\/div>\n<\/div>\n<p>[\/vc_column_text][\/vc_column][vc_column width=&#8221;1\/3&#8243;][vc_column_text]<\/p>\n<h3 class=\"labela-facilities\"><strong>Outdoors<\/strong><\/h3>\n<div class=\"facilities-data-holder\">\n<div class=\"facilities-row-holder\">\n<div class=\"ico-holder\" title=\"29\">\n<div class=\"facilities-row-holder\">\n<div class=\"ico-holder\" title=\"29\">Private pool: with saltwater 45 m<sup>2<\/sup><\/div>\n<div title=\"29\">Outdoor shower<\/div>\n<\/div>\n<div class=\"facilities-row-holder\">\n<div class=\"ico-holder\" title=\"32\">Sun loungers: 6<\/div>\n<\/div>\n<div class=\"facilities-row-holder\">\n<div class=\"ico-holder\" title=\"34\">Fully fenced<\/div>\n<\/div>\n<div class=\"facilities-row-holder\">\n<div class=\"ico-holder\" title=\"42\">Private covered parking<\/div>\n<\/div>\n<div class=\"facilities-row-holder\">\n<div class=\"ico-holder\" title=\"91\">Peace, silence, nature, panoramic view<\/div>\n<\/div>\n<\/div>\n<\/div>\n<\/div>\n<p>[\/vc_column_text][\/vc_column][vc_column width=&#8221;1\/3&#8243;][vc_column_text]<\/p>\n<h3 class=\"labela-facilities\"><strong>Cooling<\/strong><\/h3>\n<div class=\"facilities-data-holder\">\n<div class=\"facilities-row-holder\">\n<div class=\"ico-holder\" title=\"53\">\n<div class=\"facilities-row-holder\">\n<div class=\"ico-holder\" title=\"53\">Ceiling fan (in each room)<\/div>\n<\/div>\n<\/div>\n<\/div>\n<\/div>\n<p>[\/vc_column_text][vc_column_text]<\/p>\n<h3 class=\"labela-facilities\"><strong>Pets<\/strong><\/h3>\n<div class=\"facilities-data-holder\">\n<div class=\"facilities-row-holder\">\n<div class=\"ico-holder\" title=\"53\">\n<div class=\"facilities-row-holder\">\n<div class=\"ico-holder\" title=\"53\">Unfortunately, we are unable to accommodate pets.<\/div>\n<\/div>\n<\/div>\n<\/div>\n<\/div>\n<p>[\/vc_column_text][\/vc_column][\/vc_row][vc_row][vc_column width=&#8221;1\/3&#8243;][vc_column_text]<\/p>\n<div class=\"labela-facilities\">\n<h3 class=\"labela-facilities\"><strong>Kitchen and dining room<\/strong><\/h3>\n<div class=\"facilities-data-holder\">\n<div class=\"facilities-row-holder\">\n<div class=\"ico-holder\" title=\"4\">\n<div class=\"facilities-row-holder\">\n<div class=\"ico-holder\" title=\"4\">Breakfast: from our own garden and nearby farms, included<\/div>\n<\/div>\n<div class=\"facilities-row-holder\">\n<div class=\"ico-holder\" title=\"78\">Indoor dining area: shared space for guests<\/div>\n<\/div>\n<\/div>\n<\/div>\n<\/div>\n<\/div>\n<p>[\/vc_column_text][\/vc_column][vc_column width=&#8221;1\/3&#8243;][vc_column_text]<\/p>\n<div class=\"labela-facilities\">\n<h3 class=\"labela-facilities\"><strong>Bedrooms<\/strong><\/h3>\n<div class=\"facilities-data-holder\">\n<div class=\"facilities-row-holder\">\n<div>Bedroom #1: Number of double beds: 1<\/div>\n<div>Bedroom #2: Number of double beds: 1<\/div>\n<div>Bedroom #3: Number of double beds: 1<\/div>\n<\/div>\n<div>Note: Baby cot available upon request<\/div>\n<\/div>\n<\/div>\n<p>[\/vc_column_text][\/vc_column][vc_column width=&#8221;1\/3&#8243;][vc_column_text]<\/p>\n<div class=\"labela-facilities\">\n<h3 class=\"labela-facilities\"><strong>Bathrooms<\/strong><\/h3>\n<div class=\"facilities-data-holder\">\n<div class=\"facilities-row-holder\">\n<div>Bathroom #1: Sink, toilet, shower<\/div>\n<div>Bathroom #2: Sink, toilet, shower<\/div>\n<div>Bathroom #3: Sink, toilet, shower<\/div>\n<div class=\"facilities-row-holder\">\n<div class=\"ico-holder\">Outdoor shower<\/div>\n<\/div>\n<div class=\"facilities-row-holder\">\n<div class=\"ico-holder\">Hairdryer<\/div>\n<\/div>\n<div class=\"clear\"><\/div>\n<div class=\"extras\">Bathroom towels are provided and changed once a week<\/div>\n<\/div>\n<\/div>\n<\/div>\n<p>[\/vc_column_text][\/vc_column][\/vc_row][\/vc_section]<\/p>\n<\/div>","protected":false},"excerpt":{"rendered":"<p>[vc_row full_width=&#8221;stretch_row_content_no_spaces&#8221; css=&#8221;.vc_custom_1683890907194{background-image: url(https:\/\/www.villa-bora.net\/wp-content\/uploads\/2023\/05\/villa-bora-moscenicka-draga-croatia-accommodation-rooms-private.jpg?id=854) !important;background-position: center !important;background-repeat: no-repeat !important;background-size: cover !important;}&#8221;][vc_column][\/vc_column][\/vc_row][vc_row][vc_column][\/vc_column][\/vc_row][vc_row][vc_column &#8230; <\/p>\n","protected":false},"author":1,"featured_media":0,"parent":0,"menu_order":0,"comment_status":"closed","ping_status":"closed","template":"","meta":{"footnotes":""},"class_list":["post-344","page","type-page","status-publish","hentry"],"_links":{"self":[{"href":"https:\/\/www.villa-bora.net\/en\/wp-json\/wp\/v2\/pages\/344","targetHints":{"allow":["GET"]}}],"collection":[{"href":"https:\/\/www.villa-bora.net\/en\/wp-json\/wp\/v2\/pages"}],"about":[{"href":"https:\/\/www.villa-bora.net\/en\/wp-json\/wp\/v2\/types\/page"}],"author":[{"embeddable":true,"href":"https:\/\/www.villa-bora.net\/en\/wp-json\/wp\/v2\/users\/1"}],"replies":[{"embeddable":true,"href":"https:\/\/www.villa-bora.net\/en\/wp-json\/wp\/v2\/comments?post=344"}],"version-history":[{"count":18,"href":"https:\/\/www.villa-bora.net\/en\/wp-json\/wp\/v2\/pages\/344\/revisions"}],"predecessor-version":[{"id":1304,"href":"https:\/\/www.villa-bora.net\/en\/wp-json\/wp\/v2\/pages\/344\/revisions\/1304"}],"wp:attachment":[{"href":"https:\/\/www.villa-bora.net\/en\/wp-json\/wp\/v2\/media?parent=344"}],"curies":[{"name":"wp","href":"https:\/\/api.w.org\/{rel}","templated":true}]}}