{"id":407,"date":"2023-05-03T07:40:47","date_gmt":"2023-05-03T05:40:47","guid":{"rendered":"https:\/\/www.villa-bora.net\/o-nama\/"},"modified":"2023-05-25T13:51:25","modified_gmt":"2023-05-25T11:51:25","slug":"villa-bora-moscenicka-draga-opatija","status":"publish","type":"page","link":"https:\/\/www.villa-bora.net\/de\/villa-bora-moscenicka-draga-opatija\/","title":{"rendered":"\u00dcber die Villa"},"content":{"rendered":"<div class=\"wpb-content-wrapper\"><p>[vc_row full_width=&#8220;stretch_row_content_no_spaces&#8220; css=&#8220;.vc_custom_1683890907194{background-image: url(https:\/\/www.villa-bora.net\/wp-content\/uploads\/2023\/05\/villa-bora-moscenicka-draga-croatia-accommodation-rooms-private.jpg?id=854) !important;background-position: center !important;background-repeat: no-repeat !important;background-size: cover !important;}&#8220;][vc_column]<div class=\"cz_gap clr  hide_on_tablet hide_on_mobile\" style=\"height: 250px\"><\/div><div class=\"cz_gap show_on_tablet clr  show_only_tablet\" style=\"height: 100px\"><\/div><div class=\"cz_gap show_on_mobile clr\" style=\"height: 100px\"><\/div><div id=\"cz_89149\" class=\"cz_89149 cz_title clr cz_title_pos_inline tac\"><div class=\"cz_title_content\"><div class=\"cz_wpe_content\"><h1 style=\"text-align: center;\">\u00dcber die Villa<\/h1>\n<\/div><\/div><\/div><div class=\"cz_gap clr  hide_on_tablet hide_on_mobile\" style=\"height: 250px\"><\/div><div class=\"cz_gap show_on_tablet clr  show_only_tablet\" style=\"height: 100px\"><\/div><div class=\"cz_gap show_on_mobile clr\" style=\"height: 100px\"><\/div>[\/vc_column][\/vc_row][vc_row][vc_column]<div class=\"cz_gap clr  hide_on_tablet hide_on_mobile\" style=\"height: 75px\"><\/div><div class=\"cz_gap show_on_tablet clr  show_only_tablet\" style=\"height: 55px\"><\/div><div class=\"cz_gap show_on_mobile clr\" style=\"height: 35px\"><\/div>[\/vc_column][\/vc_row][vc_row][vc_column width=&#8220;1\/2&#8243;]<div id=\"cz_61690\" class=\"cz_61690 cz_title clr cz_title_ba_line cz_title_pos_inline wpb_animate_when_almost_visible top-to-bottom\"><div class=\"cz_title_content\"><div class=\"cz_wpe_content\"><h2>\u00dcber die Villa Bora<\/h2>\n<\/div><div class=\"cz_title_line cz_line_after_title\"><span>_<\/span><\/div><\/div><\/div><div id=\"cz_107630\" class=\"cz_107630 cz_title clr cz_title_pos_inline wpb_animate_when_almost_visible fadeIn\"><div class=\"cz_title_content\"><div class=\"cz_wpe_content\"><p>Die Villa Bora ist ein wundersch\u00f6nes Anwesen, das abgeschieden oberhalb von Mo\u0161\u0107eni\u010dka Draga im Naturpark U\u010dka liegt. Es ist ein ideales Refugium f\u00fcr diejenigen, die absolute Ruhe in nat\u00fcrlicher Umgebung suchen. Die Lage ist perfekt, da sie sich in der N\u00e4he beliebter Orte, historischer St\u00e4dte, Str\u00e4nde und erstklassiger Restaurants in der Kvarner-Region befindet. Villa Bora bietet Ihnen private Unterkunft in ger\u00e4umigen Zimmern mit eigenem Badezimmer und Balkon mit wundersch\u00f6nem Blick auf die Kvarner Inseln. Das Fr\u00fchst\u00fcck aus heimischem Anbau ist inklusive.<\/p>\n<p>&nbsp;<\/p>\n<p>Die Villa befindet sich auf einer H\u00f6he von 500 m \u00fcber dem Meeresspiegel im Naturpark U\u010dka, wo Sie verschiedene Sportaktivit\u00e4ten wie Mountainbiking, Wandern, Spazierg\u00e4nge in der Natur und mehr genie\u00dfen k\u00f6nnen.<\/p>\n<p>&nbsp;<\/p>\n<p>Die Villa bietet Ihnen absolute Ruhe und einen entspannenden Urlaub mit einem wundersch\u00f6nen Pool, wo Sie bei erfrischenden Getr\u00e4nken einen herrlichen Blick auf das Meer und die Kvarner Inseln genie\u00dfen k\u00f6nnen.<\/p>\n<p>&nbsp;<\/p>\n<p>Stellen Sie sich vor, wie Sie die Sonne genie\u00dfen und dabei den unendlichen Blick auf das Meer am Horizont betrachten.<br \/>\nWir bieten Ihnen ein vielf\u00e4ltiges und gesundes Fr\u00fchst\u00fcck aus unserem eigenen Garten und den nahegelegenen Bauernh\u00f6fen, das im Preis inbegriffen ist. Genie\u00dfen Sie Ihren Aufenthalt in ger\u00e4umigen Zimmern mit eigenem Badezimmer und Balkon mit Meerblick.<\/p>\n<\/div><\/div><\/div>[\/vc_column][vc_column width=&#8220;1\/2&#8243; el_class=&#8220;gall_box&#8220;]<div class=\"cz_svg clr\" style=\"background-image: url(https:\/\/www.villa-bora.net\/wp-content\/uploads\/2023\/05\/villa-bora-moscenicka-draga-opatija-croatia-accommodation-private-rooms-breakfast-10.jpg);\"><svg xmlns=\"http:\/\/www.w3.org\/2000\/svg\" viewBox=\"0 0 1000 800\">\n<path style=\"fill:#ffffff;stroke:#ffffff;stroke-width: 2px\" d=\"M0,0H1000V800H0V0ZM674,56V682H973V56H674ZM351,79V705H651V79H351ZM29,102V728H328V102H29Z\"\/>\n<\/svg><\/div>[\/vc_column][vc_column]<div class=\"cz_gap clr  hide_on_tablet hide_on_mobile\" style=\"height: 75px\"><\/div><div class=\"cz_gap show_on_tablet clr  show_only_tablet\" style=\"height: 55px\"><\/div><div class=\"cz_gap show_on_mobile clr\" style=\"height: 35px\"><\/div>[\/vc_column][\/vc_row][vc_row full_width=&#8220;stretch_row&#8220; css=&#8220;.vc_custom_1683095317220{background-color: rgba(6,122,238,0.14) !important;*background-color: rgb(6,122,238) !important;}&#8220;][vc_column][vc_column_text css=&#8220;.vc_custom_1657612593560{margin-top: 35px !important;}&#8220;][\/vc_column_text][\/vc_column][\/vc_row][vc_section full_width=&#8220;stretch_row&#8220; css=&#8220;.vc_custom_1657192366261{background-color: #f7f7f7 !important;}&#8220;][vc_row][vc_column]<div class=\"cz_gap clr  hide_on_tablet hide_on_mobile\" style=\"height: 75px\"><\/div><div class=\"cz_gap show_on_tablet clr  show_only_tablet\" style=\"height: 55px\"><\/div><div class=\"cz_gap show_on_mobile clr\" style=\"height: 35px\"><\/div>[\/vc_column][\/vc_row][vc_row][vc_column width=&#8220;1\/3&#8243;][vc_column_text]<\/p>\n<h3 class=\"labela-facilities\"><strong>Art und Gr\u00f6\u00dfe<\/strong><\/h3>\n<div class=\"facilities-data-holder\">\n<div class=\"facilities-row-holder\">\n<div class=\"ico-holder\">\n<div class=\"facilities-row-holder\">\n<div class=\"ico-holder\">Die Fl\u00e4che der Villa: 250 m<sup>2<\/sup><\/div>\n<\/div>\n<div class=\"facilities-row-holder\">\n<div class=\"ico-holder\">Fl\u00e4che des Grundst\u00fccks: 1400 m<sup>2<\/sup><\/div>\n<\/div>\n<div class=\"facilities-row-holder\">\n<div class=\"ico-holder\">Typ: freistehendes Geb\u00e4ude<\/div>\n<\/div>\n<div class=\"facilities-row-holder\">\n<div class=\"ico-holder\">Maximale G\u00e4steanzahl: 6 Personen in 3 Zimmern (Kinderbett auf Anfrage)<\/div>\n<\/div>\n<\/div>\n<\/div>\n<\/div>\n<p>[\/vc_column_text][\/vc_column][vc_column width=&#8220;1\/3&#8243;][vc_column_text]<\/p>\n<h3 class=\"labela-facilities\"><strong>Drau\u00dfen<\/strong><\/h3>\n<div class=\"facilities-data-holder\">\n<div class=\"facilities-row-holder\">\n<div class=\"ico-holder\" title=\"29\">\n<div class=\"facilities-row-holder\">\n<div class=\"ico-holder\" title=\"29\">Privater Pool: mit Salzwasser 45 m<sup>2<\/sup><\/div>\n<div title=\"29\">Au\u00dfendusche<\/div>\n<\/div>\n<div class=\"facilities-row-holder\">\n<div class=\"ico-holder\" title=\"32\">Sonnenliegen: 6<\/div>\n<\/div>\n<div class=\"facilities-row-holder\">\n<div class=\"ico-holder\" title=\"34\">Vollst\u00e4ndig umz\u00e4unt<\/div>\n<\/div>\n<div class=\"facilities-row-holder\">\n<div class=\"ico-holder\" title=\"42\">Privater \u00fcberdachter Parkplatz<\/div>\n<\/div>\n<div class=\"facilities-row-holder\">\n<div class=\"ico-holder\" title=\"91\">Ruhe, Stille, Natur, Panoramablick<\/div>\n<\/div>\n<\/div>\n<\/div>\n<\/div>\n<p>[\/vc_column_text][\/vc_column][vc_column width=&#8220;1\/3&#8243;][vc_column_text]<\/p>\n<h3 class=\"labela-facilities\"><strong>K\u00fchlung<\/strong><\/h3>\n<div class=\"facilities-data-holder\">\n<div class=\"facilities-row-holder\">\n<div class=\"ico-holder\" title=\"53\">\n<div class=\"facilities-row-holder\">\n<div class=\"ico-holder\" title=\"53\">Deckenventilator in jedem Zimmer<\/div>\n<\/div>\n<\/div>\n<\/div>\n<\/div>\n<p>[\/vc_column_text][vc_column_text]<\/p>\n<h3 class=\"labela-facilities\"><strong>Haustiere<\/strong><\/h3>\n<div class=\"facilities-data-holder\">\n<div class=\"facilities-row-holder\">\n<div class=\"ico-holder\" title=\"53\">\n<div class=\"facilities-row-holder\">\n<div class=\"ico-holder\" title=\"53\">Leider sind wir nicht in der Lage, Haustiere aufzunehmen<\/div>\n<\/div>\n<\/div>\n<\/div>\n<\/div>\n<p>[\/vc_column_text][\/vc_column][\/vc_row][vc_row][vc_column width=&#8220;1\/3&#8243;][vc_column_text]<\/p>\n<div class=\"labela-facilities\">\n<h3 class=\"labela-facilities\"><strong>K\u00fcche und Esszimmer<\/strong><\/h3>\n<div class=\"facilities-data-holder\">\n<div class=\"facilities-row-holder\">\n<div class=\"ico-holder\" title=\"4\">\n<div class=\"facilities-row-holder\">\n<div class=\"ico-holder\" title=\"4\">Fr\u00fchst\u00fcck: aus unserem eigenen Garten und den nahegelegenen landwirtschaftlichen Betrieben, inklusive<\/div>\n<\/div>\n<div class=\"facilities-row-holder\">\n<div class=\"ico-holder\" title=\"78\">Innen-Essbereich: Gemeinschaftsraum f\u00fcr G\u00e4ste<\/div>\n<\/div>\n<\/div>\n<\/div>\n<\/div>\n<\/div>\n<p>[\/vc_column_text][\/vc_column][vc_column width=&#8220;1\/3&#8243;][vc_column_text]<\/p>\n<div class=\"labela-facilities\">\n<h3 class=\"labela-facilities\"><strong>Schlafzimmer<\/strong><\/h3>\n<div class=\"facilities-data-holder\">\n<div class=\"facilities-row-holder\">\n<div>Schlafzimmer #1: Anzahl der Doppelbetten: 1<\/div>\n<div>Schlafzimmer #2: Anzahl der Doppelbetten: 1<\/div>\n<div>Schlafzimmer #3: Anzahl der Doppelbetten: 1<\/div>\n<\/div>\n<div>Hinweis: Babybett auf Anfrage<\/div>\n<\/div>\n<\/div>\n<p>[\/vc_column_text][\/vc_column][vc_column width=&#8220;1\/3&#8243;][vc_column_text]<\/p>\n<div class=\"labela-facilities\">\n<h3 class=\"labela-facilities\"><strong>Badezimmer<\/strong><\/h3>\n<div class=\"facilities-data-holder\">\n<div class=\"facilities-row-holder\">\n<div>Badezimmer #1: Waschbecken, Toilette, Dusche<\/div>\n<div>Badezimmer #2: Waschbecken, Toilette, Dusche<\/div>\n<div>Badezimmer #3: Waschbecken, Toilette, Dusche<\/div>\n<div class=\"facilities-row-holder\">\n<div class=\"ico-holder\">Au\u00dfendusche<\/div>\n<\/div>\n<div class=\"facilities-row-holder\">\n<div class=\"ico-holder\">Haartrockner<\/div>\n<\/div>\n<div class=\"clear\"><\/div>\n<div class=\"extras\">Handt\u00fccher f\u00fcr das Badezimmer werden zur Verf\u00fcgung gestellt und einmal w\u00f6chentlich gewechselt<\/div>\n<\/div>\n<\/div>\n<\/div>\n<p>[\/vc_column_text][\/vc_column][\/vc_row][\/vc_section]<\/p>\n<\/div>","protected":false},"excerpt":{"rendered":"<p>[vc_row full_width=&#8220;stretch_row_content_no_spaces&#8220; css=&#8220;.vc_custom_1683890907194{background-image: url(https:\/\/www.villa-bora.net\/wp-content\/uploads\/2023\/05\/villa-bora-moscenicka-draga-croatia-accommodation-rooms-private.jpg?id=854) !important;background-position: center !important;background-repeat: no-repeat !important;background-size: cover !important;}&#8220;][vc_column][\/vc_column][\/vc_row][vc_row][vc_column][\/vc_column][\/vc_row][vc_row][vc_column &#8230; <\/p>\n","protected":false},"author":1,"featured_media":0,"parent":0,"menu_order":0,"comment_status":"closed","ping_status":"closed","template":"","meta":{"footnotes":""},"class_list":["post-407","page","type-page","status-publish","hentry"],"_links":{"self":[{"href":"https:\/\/www.villa-bora.net\/de\/wp-json\/wp\/v2\/pages\/407","targetHints":{"allow":["GET"]}}],"collection":[{"href":"https:\/\/www.villa-bora.net\/de\/wp-json\/wp\/v2\/pages"}],"about":[{"href":"https:\/\/www.villa-bora.net\/de\/wp-json\/wp\/v2\/types\/page"}],"author":[{"embeddable":true,"href":"https:\/\/www.villa-bora.net\/de\/wp-json\/wp\/v2\/users\/1"}],"replies":[{"embeddable":true,"href":"https:\/\/www.villa-bora.net\/de\/wp-json\/wp\/v2\/comments?post=407"}],"version-history":[{"count":18,"href":"https:\/\/www.villa-bora.net\/de\/wp-json\/wp\/v2\/pages\/407\/revisions"}],"predecessor-version":[{"id":1303,"href":"https:\/\/www.villa-bora.net\/de\/wp-json\/wp\/v2\/pages\/407\/revisions\/1303"}],"wp:attachment":[{"href":"https:\/\/www.villa-bora.net\/de\/wp-json\/wp\/v2\/media?parent=407"}],"curies":[{"name":"wp","href":"https:\/\/api.w.org\/{rel}","templated":true}]}}