{"id":392,"date":"2023-05-02T12:13:30","date_gmt":"2023-05-02T10:13:30","guid":{"rendered":"https:\/\/www.villa-bora.net\/sample-page\/"},"modified":"2023-06-02T22:08:16","modified_gmt":"2023-06-02T20:08:16","slug":"villa-bora","status":"publish","type":"page","link":"https:\/\/www.villa-bora.net\/de\/","title":{"rendered":"Startseite"},"content":{"rendered":"<div class=\"wpb-content-wrapper\"><p>[vc_row equal_height=&#8220;yes&#8220; content_placement=&#8220;middle&#8220;][vc_column][\/vc_column][vc_column width=&#8220;7\/12&#8243;]<div class=\"cz_svg clr\" style=\"background-image: url(https:\/\/www.villa-bora.net\/wp-content\/uploads\/2023\/05\/villa-bora-moscenicka-draga-croatia-1.jpg);\"><svg xmlns=\"http:\/\/www.w3.org\/2000\/svg\" viewBox=\"0 0 1000 800\">\n<path style=\"fill:#ffffff;stroke:#ffffff;stroke-width: 2px\" d=\"M0,0H1000V800H0V0ZM674,56V682H973V56H674ZM351,79V705H651V79H351ZM29,102V728H328V102H29Z\"\/>\n<\/svg><\/div>[\/vc_column][vc_column width=&#8220;5\/12&#8243;]<div id=\"cz_60594\" class=\"cz_60594 cz_title clr cz_title_ba_line cz_title_pos_inline\"><div class=\"cz_title_content\"><div class=\"cz_wpe_content\"><h2>Villa Bora<\/h2>\n<\/div><div class=\"cz_title_line cz_line_after_title\"><span>_<\/span><\/div><\/div><\/div>[vc_column_text]Die Villa Bora ist ein wundersch\u00f6nes Anwesen, das abgeschieden oberhalb von Mo\u0161\u0107eni\u010dka Draga im Naturpark U\u010dka liegt. Es ist ein ideales Refugium f\u00fcr diejenigen, die absolute Ruhe in nat\u00fcrlicher Umgebung suchen. Die Lage ist perfekt, da sie sich in der N\u00e4he beliebter Orte, historischer St\u00e4dte, Str\u00e4nde und erstklassiger Restaurants in der Kvarner-Region befindet. Villa Bora bietet Ihnen private Unterkunft in ger\u00e4umigen Zimmern mit eigenem Badezimmer und Balkon mit wundersch\u00f6nem Blick auf die Kvarner Inseln. Das Fr\u00fchst\u00fcck aus heimischem Anbau ist inklusive.<\/p>\n<ul>\n<li>Die Fl\u00e4che der Villa: 250 m<sup>2<\/sup><\/li>\n<li>Die Grundst\u00fcck: 1400 m<sup>2<\/sup><\/li>\n<li>H\u00f6he \u00fcber dem Meeresspiegel: 500 m<\/li>\n<li>Eigener Gem\u00fcsegarten (Fr\u00fchst\u00fcck inbegriffen)<\/li>\n<\/ul>\n<p>[\/vc_column_text]<div class=\"cz_btn_inline\"><div class=\"cz_91492_p\"><a id=\"cz_91492\" class=\"cz_91492 cz_btn cz_btn_txt_no_fx cz_btn_no_fx\" href=\"https:\/\/www.villa-bora.net\/de\/villa-bora-moscenicka-draga-opatija\/\"><span><strong>Mehr \u00fcber die Villa<\/strong><\/span><b class=\"cz_btn_onhover\"><strong>Mehr \u00fcber die Villa<\/strong><\/b><\/a><\/div><\/div><div class=\"cz_gap clr  hide_on_tablet hide_on_mobile\" style=\"height: 150px\"><\/div><div class=\"cz_gap show_on_tablet clr  show_only_tablet\" style=\"height: 150px\"><\/div><div class=\"cz_gap show_on_mobile clr\" style=\"height: 150px\"><\/div>[\/vc_column][\/vc_row][vc_row full_width=&#8220;stretch_row&#8220; equal_height=&#8220;yes&#8220; content_placement=&#8220;middle&#8220; css=&#8220;.vc_custom_1683096261212{background-color: #f2f5fc !important;}&#8220;][vc_column width=&#8220;1\/2&#8243;]<div class=\"cz_gap clr  hide_on_mobile\" style=\"height: 75px\"><\/div><div class=\"cz_gap show_on_mobile clr\" style=\"height: 50px\"><\/div><div id=\"cz_32720\" class=\"cz_32720 cz_title clr cz_title_ba_line cz_title_pos_inline\"><div class=\"cz_title_content\"><div class=\"cz_wpe_content\"><h2>Warum uns w\u00e4hlen<\/h2>\n<\/div><div class=\"cz_title_line cz_line_after_title\"><span>_<\/span><\/div><\/div><\/div><ul id=\"cz_28069\" class=\"cz_28069 cz_stylish_list clr cz_sl_icon_hover_zoom_in\"><li class=\"clr\"><div class=\"cz_sl_icon\"><i class=\"fas fa-swimming-pool mr10\"><\/i><\/div><div><span>Privater Salzwasserpool von 45 m<sup>2<\/sup><\/span><\/div><\/li><li class=\"clr\"><div class=\"cz_sl_icon\"><i class=\"fas fa-umbrella-beach mr10\"><\/i><\/div><div><span> Sonnenliegen und Sonnenschirme<\/span><\/div><\/li><li class=\"clr\"><div class=\"cz_sl_icon\"><i class=\"fas fa-shower mr10\"><\/i><\/div><div><span> Au\u00dfendusche<\/span><\/div><\/li><li class=\"clr\"><div class=\"cz_sl_icon\"><i class=\"fas fa-wifi mr10\"><\/i><\/div><div><span> Kostenloses WiFi<\/span><\/div><\/li><li class=\"clr\"><div class=\"cz_sl_icon\"><i class=\"fas fa-parking mr10\"><\/i><\/div><div><span> Privater \u00fcberdachter Parkplatz<\/span><\/div><\/li><li class=\"clr\"><div class=\"cz_sl_icon\"><i class=\"far fa-image mr10\"><\/i><\/div><div><span> Ruhe, Stille, Natur, Panoramablick<\/span><\/div><\/li><li class=\"clr\"><div class=\"cz_sl_icon\"><i class=\"fas fa-carrot mr10\"><\/i><\/div><div><span> Vielf\u00e4ltiges gesundes Fr\u00fchst\u00fcck aus unserem eigenen Garten - inklusive!<\/span><\/div><\/li><\/ul><div class=\"cz_gap clr  hide_on_mobile\" style=\"height: 75px\"><\/div><div class=\"cz_gap show_on_mobile clr\" style=\"height: 50px\"><\/div>[\/vc_column][vc_column width=&#8220;1\/2&#8243;]<div class=\"cz_svg clr\" style=\"background-image: url(https:\/\/www.villa-bora.net\/wp-content\/uploads\/2023\/05\/villa-bora-moscenicka-draga-croatia-accommodation-rooms-private.jpg);\"><svg xmlns=\"http:\/\/www.w3.org\/2000\/svg\" viewBox=\"0 0 1000 800\">\n<path style=\"fill:#f2f5fc;stroke:#f2f5fc;stroke-width: 2px\" d=\"M0,0H1000V800H0V0ZM674,56V682H973V56H674ZM351,79V705H651V79H351ZM29,102V728H328V102H29Z\"\/>\n<\/svg><\/div>[\/vc_column][\/vc_row][vc_row full_width=&#8220;stretch_row&#8220; equal_height=&#8220;yes&#8220; content_placement=&#8220;middle&#8220; css=&#8220;.vc_custom_1683097298556{background-color: #067aee !important;background-position: center !important;background-repeat: no-repeat !important;background-size: cover !important;}&#8220;][vc_column]<div class=\"cz_gap clr  hide_on_tablet hide_on_mobile\" style=\"height: 150px\"><\/div><div class=\"cz_gap show_on_tablet clr  show_only_tablet\" style=\"height: 150px\"><\/div><div class=\"cz_gap show_on_mobile clr\" style=\"height: 150px\"><\/div>[\/vc_column][vc_column width=&#8220;1\/3&#8243; css=&#8220;.vc_custom_1657174855349{padding-top: 35px !important;padding-right: 35px !important;padding-bottom: 35px !important;padding-left: 35px !important;background-color: #ffffff !important;}&#8220;][vc_column_text css=&#8220;.vc_custom_1685736493467{background-color: #ffffff !important;}&#8220;][\/vc_column_text][\/vc_column][vc_column width=&#8220;2\/3&#8243; css=&#8220;.vc_custom_1683910072869{background-image: url(https:\/\/www.villa-bora.net\/wp-content\/uploads\/2023\/05\/private-accommodation-villa-bora-moscenicka-draga-croatia-rooms-with-breakfast-1.jpg?id=848) !important;background-position: center !important;background-repeat: no-repeat !important;background-size: cover !important;}&#8220;][\/vc_column][vc_column]<div class=\"cz_gap clr  hide_on_tablet hide_on_mobile\" style=\"height: 150px\"><\/div><div class=\"cz_gap show_on_tablet clr  show_only_tablet\" style=\"height: 150px\"><\/div><div class=\"cz_gap show_on_mobile clr\" style=\"height: 150px\"><\/div>[\/vc_column][\/vc_row][vc_row][vc_column]<div class=\"cz_gap clr  hide_on_tablet hide_on_mobile\" style=\"height: 75px\"><\/div><div class=\"cz_gap show_on_tablet clr  show_only_tablet\" style=\"height: 55px\"><\/div><div class=\"cz_gap show_on_mobile clr\" style=\"height: 35px\"><\/div>[\/vc_column][\/vc_row][vc_row equal_height=&#8220;yes&#8220; content_placement=&#8220;middle&#8220;][vc_column width=&#8220;7\/12&#8243; css=&#8220;.vc_custom_1657279658522{margin-right: 0px !important;margin-left: 0px !important;padding-right: 0px !important;padding-left: 0px !important;}&#8220;][vc_gmaps link=&#8220;#E-8_JTNDaWZyYW1lJTIwc3JjJTNEJTIyaHR0cHMlM0ElMkYlMkZ3d3cuZ29vZ2xlLmNvbSUyRm1hcHMlMkZlbWJlZCUzRnBiJTNEJTIxMW0xNCUyMTFtOCUyMTFtMyUyMTFkMTc5NzMxLjQyOTQ2NzI0MzE0JTIxMmQxNC4xMTE5NzY5NTczNzQ4NzglMjEzZDQ1LjI2MTg3MzYzMjUzNTAzNSUyMTNtMiUyMTFpMTAyNCUyMTJpNzY4JTIxNGYxMy4xJTIxM20zJTIxMW0yJTIxMXMweDQ3NjM1MTAzMDEzNjUwZjclMjUzQTB4YjdmMDczMjI5YjQ1OTU2MyUyMTJzVmlsbGElMjUyMEJvcmElMjE1ZTAlMjEzbTIlMjExc2hyJTIxMnNociUyMTR2MTY4Mzc0MjM5ODc3NSUyMTVtMiUyMTFzaHIlMjEyc2hyJTIyJTIwd2lkdGglM0QlMjI2MDAlMjIlMjBoZWlnaHQlM0QlMjI0NTAlMjIlMjBzdHlsZSUzRCUyMmJvcmRlciUzQTAlM0IlMjIlMjBhbGxvd2Z1bGxzY3JlZW4lM0QlMjIlMjIlMjBsb2FkaW5nJTNEJTIybGF6eSUyMiUyMHJlZmVycmVycG9saWN5JTNEJTIybm8tcmVmZXJyZXItd2hlbi1kb3duZ3JhZGUlMjIlM0UlM0MlMkZpZnJhbWUlM0U=&#8220; size=&#8220;600&#8243;][\/vc_column][vc_column width=&#8220;5\/12&#8243; css=&#8220;.vc_custom_1657267266691{margin-left: 0px !important;padding-left: 0px !important;}&#8220; el_class=&#8220;distances-box&#8220;]<div id=\"cz_18878\" class=\"cz_18878 cz_title clr cz_title_pos_center tac\"><div class=\"cz_title_content\"><div class=\"cz_wpe_content\"><h2 style=\"text-align: center;\">Entfernungen<\/h2>\n<\/div><\/div><\/div>[vc_row_inner][vc_column_inner width=&#8220;1\/6&#8243;][\/vc_column_inner][vc_column_inner width=&#8220;2\/3&#8243;][vc_column_text]<\/p>\n<ul class=\"villa_h_resort\" data-animation=\"none\">\n<li class=\"bui-list__item\">\n<div class=\"bui-list__body\">\n<div class=\"bui-list__description\"><span style=\"color: #ffffff;\">Mo\u0161\u0107enice<\/span><\/div>\n<div class=\"bui-list__item-action hp_location_block__section_list_distance\"><span style=\"color: #ffffff;\">3 km<\/span><\/div>\n<\/div>\n<\/li>\n<li class=\"bui-list__item\">\n<div class=\"bui-list__body\">\n<div class=\"bui-list__description\"><span style=\"color: #ffffff;\">Mo\u0161\u0107eni\u010dka Draga (die Strand)<\/span><\/div>\n<div class=\"bui-list__item-action hp_location_block__section_list_distance\"><span style=\"color: #ffffff;\">6 km<\/span><\/div>\n<\/div>\n<\/li>\n<li class=\"bui-list__item\">\n<div class=\"bui-list__body\">\n<div class=\"bui-list__description\"><span style=\"color: #ffffff;\">Opatija<\/span><\/div>\n<div class=\"bui-list__item-action hp_location_block__section_list_distance\"><span style=\"color: #ffffff;\">15 km<\/span><\/div>\n<\/div>\n<\/li>\n<li class=\"bui-list__item\">\n<div class=\"bui-list__body\">\n<div class=\"bui-list__description\"><span style=\"color: #ffffff;\">Der Flughafen Rijeka<\/span><\/div>\n<div class=\"bui-list__item-action hp_location_block__section_list_distance\"><span style=\"color: #ffffff;\">50 km<\/span><\/div>\n<\/div>\n<\/li>\n<li class=\"bui-list__item\">\n<div class=\"bui-list__body\">\n<div class=\"bui-list__description\"><span style=\"color: #ffffff;\">Pula<\/span><\/div>\n<div class=\"bui-list__item-action hp_location_block__section_list_distance\"><span style=\"color: #ffffff;\">70 km<\/span><\/div>\n<\/div>\n<\/li>\n<\/ul>\n<p>[\/vc_column_text][\/vc_column_inner][\/vc_row_inner][\/vc_column][\/vc_row][vc_row equal_height=&#8220;yes&#8220; content_placement=&#8220;middle&#8220;][vc_column]<div class=\"cz_gap clr  hide_on_tablet hide_on_mobile\" style=\"height: 75px\"><\/div><div class=\"cz_gap show_on_tablet clr  show_only_tablet\" style=\"height: 55px\"><\/div><div class=\"cz_gap show_on_mobile clr\" style=\"height: 35px\"><\/div>[\/vc_column][vc_column width=&#8220;5\/12&#8243; css=&#8220;.vc_custom_1657266243285{margin-right: 0px !important;margin-left: 0px !important;padding-right: 0px !important;padding-left: 0px !important;}&#8220; el_class=&#8220;home_comntact&#8220;]<div id=\"cz_49237\" class=\"cz_49237 cz_title clr cz_title_ba_line cz_title_pos_center tac\"><div class=\"cz_title_content\"><div class=\"cz_wpe_content\"><h2 style=\"text-align: center;\">Kontaktieren Sie uns<\/h2>\n<\/div><div class=\"cz_title_line cz_line_after_title\"><span>_<\/span><\/div><\/div><\/div>[vc_column_text]<div data-uniq='6a0951330d66d' class='uniq-6a0951330d66d formcraft-css form-live align-left'><script> window.formcraftLogic = window.formcraftLogic || {}; window.formcraftLogic[3] = []; <\/script><div class=\"fc-pagination-cover fc-pagination-1\">\n\t\t\t\t<div class=\"fc-pagination width-100\">\n\t\t\t\t\t<!-- ngRepeat: page in Builder.FormElements track by $index --><div class=\"pagination-trigger \" data-index=\"0\">\n\t\t\t\t\t\t<span class=\"page-number\"><span >1<\/span><\/span>\n\t\t\t\t\t\t<span class=\"page-name \">Step 1<\/span>\n\t\t\t\t\t\t\n\t\t\t\t\t<\/div><!-- end ngRepeat: page in Builder.FormElements track by $index -->\n\t\t\t\t<\/div>\n\t\t\t<\/div>\n\t\t\t\n\t\t\t<style scoped=\"scoped\" >\n\t\t\t@media (max-width : 480px) {\n\t\t\t\t.fc_modal-dialog-3 .fc-pagination-cover .fc-pagination\n\t\t\t\t{\n\t\t\t\t\tbackground-color: white !important;\n\t\t\t\t}\n\t\t\t}\n\t\t\t\t\t\t.formcraft-css .fc-form.fc-form-3 .form-element .submit-cover .submit-button,\n\t\t\t.formcraft-css .fc-form.fc-form-3 .form-element .fileupload-cover .button-file,\n\t\t\t.formcraft-css .fc-form.fc-form-3 .form-element .field-cover .button,\n\t\t\t.formcraft-datepicker .ui-datepicker-header,\n\t\t\t.formcraft-datepicker .ui-datepicker-title\n\t\t\t{\n\t\t\t\tbackground: #197beb;\n\t\t\t\tcolor: #fff;\n\t\t\t}\n\t\t\t.formcraft-datepicker td .ui-state-active,\n\t\t\t.formcraft-datepicker td .ui-state-hover,\n\t\t\t.formcraft-css .fc-form.fc-form-3 .form-element .slider-cover .ui-slider-range\n\t\t\t{\n\t\t\t\tbackground: #197beb;\n\t\t\t}\n\t\t\t#ui-datepicker-div.formcraft-datepicker .ui-datepicker-header,\n\t\t\t.formcraft-css .fc-form .field-cover>div.full hr\n\t\t\t{\n\t\t\t\tborder-color: #166cce;\n\t\t\t}\n\t\t\t#ui-datepicker-div.formcraft-datepicker .ui-datepicker-prev:hover,\n\t\t\t#ui-datepicker-div.formcraft-datepicker .ui-datepicker-next:hover,\n\t\t\t#ui-datepicker-div.formcraft-datepicker select.ui-datepicker-month:hover,\n\t\t\t#ui-datepicker-div.formcraft-datepicker select.ui-datepicker-year:hover\n\t\t\t{\n\t\t\t\tbackground-color: #166cce;\n\t\t\t}\n\t\t\t.formcraft-css .fc-pagination>div.active .page-number,\n\t\t\t.formcraft-css .form-cover-builder .fc-pagination>div:first-child .page-number\n\t\t\t{\n\t\t\t\tbackground-color: #197beb;\n\t\t\t\tcolor: #fff;\n\t\t\t}\n\t\t\t#ui-datepicker-div.formcraft-datepicker table.ui-datepicker-calendar th,\n\t\t\t#ui-datepicker-div.formcraft-datepicker table.ui-datepicker-calendar td.ui-datepicker-today a,\n\t\t\t.formcraft-css .fc-form.fc-form-3 .form-element .star-cover label,\n\t\t\thtml .formcraft-css .fc-form.label-floating .form-element .field-cover.has-focus>span,\n\t\t\t.formcraft-css .fc-form.fc-form-3 .form-element .customText-cover a,\n\t\t\t.formcraft-css .prev-next>div span:hover\n\t\t\t{\n\t\t\t\tcolor: #197beb;\n\t\t\t}\n\t\t\t.formcraft-css .fc-form.fc-form-3 .form-element .customText-cover a:hover\n\t\t\t{\n\t\t\t\tcolor: #166cce;\n\t\t\t}\n\t\t\thtml .formcraft-css .fc-form.fc-form-3.label-floating .form-element .field-cover > span\n\t\t\t{\n\t\t\t\tcolor: #666666;\n\t\t\t}\n\t\t\thtml .formcraft-css .fc-form .final-success .final-success-check {\n\t\t\t\tborder: 2px solid #666666;\n\t\t\t}\n\t\t\t.formcraft-css .fc-form.fc-form-3 .form-element .field-cover input[type=\"text\"],\n\t\t\t.formcraft-css .fc-form.fc-form-3 .form-element .field-cover input[type=\"email\"],\n\t\t\t.formcraft-css .fc-form.fc-form-3 .form-element .field-cover input[type=\"password\"],\n\t\t\t.formcraft-css .fc-form.fc-form-3 .form-element .field-cover input[type=\"tel\"],\n\t\t\t.formcraft-css .fc-form.fc-form-3 .form-element .field-cover textarea,\n\t\t\t.formcraft-css .fc-form.fc-form-3 .form-element .field-cover select,\n\t\t\t.formcraft-css .fc-form.fc-form-3 .form-element .field-cover .time-fields-cover,\n\t\t\t.formcraft-css .fc-form.fc-form-3 .form-element .field-cover .awesomplete ul\n\t\t\t{\n\t\t\t\tcolor: #777;\n\t\t\t}\n\t\t\t.formcraft-css .fc-form.fc-form-3 .form-element .field-cover input[type=\"text\"],\n\t\t\t.formcraft-css .fc-form.fc-form-3 .form-element .field-cover input[type=\"password\"],\n\t\t\t.formcraft-css .fc-form.fc-form-3 .form-element .field-cover input[type=\"email\"],\n\t\t\t.formcraft-css .fc-form.fc-form-3 .form-element .field-cover input[type=\"radio\"],\n\t\t\t.formcraft-css .fc-form.fc-form-3 .form-element .field-cover input[type=\"checkbox\"],\n\t\t\t.formcraft-css .fc-form.fc-form-3 .form-element .field-cover input[type=\"tel\"],\n\t\t\t.formcraft-css .fc-form.fc-form-3 .form-element .field-cover select,\n\t\t\t.formcraft-css .fc-form.fc-form-3 .form-element .field-cover textarea\n\t\t\t{\n\t\t\t\tbackground-color: #fafafa;\n\t\t\t}\n\t\t\t.formcraft-css .fc-form.fc-form-3 .form-element .field-cover input[type=\"radio\"]:checked,\n\t\t\t.formcraft-css .fc-form.fc-form-3 .form-element .field-cover input[type=\"checkbox\"]:checked {\n\t\t\t\tborder-color: #166cce;\n\t\t\t\tbackground: #197beb;\t\t\t\t\n\t\t\t}\n\t\t\t.formcraft-css .fc-form.fc-form-3 .form-element .star-cover label .star\n\t\t\t{\n\t\t\t\ttext-shadow: 0px 1px 0px #166cce;\n\t\t\t}\n\t\t\t.formcraft-css .fc-form.fc-form-3 .form-element .slider-cover .ui-slider-range\n\t\t\t{\n\t\t\t\tbox-shadow: 0px 1px 1px #166cce inset;\n\t\t\t}\n\t\t\t.formcraft-css .fc-form.fc-form-3 .form-element .fileupload-cover .button-file\n\t\t\t{\n\t\t\t\tborder-color: #166cce;\n\t\t\t}\n\t\t\t.formcraft-css .fc-form.fc-form-3 .form-element .form-element-html input[type=\"password\"]:focus,\n\t\t\t.formcraft-css .fc-form.fc-form-3 .form-element .form-element-html input[type=\"email\"]:focus,\n\t\t\t.formcraft-css .fc-form.fc-form-3 .form-element .form-element-html input[type=\"tel\"]:focus,\n\t\t\t.formcraft-css .fc-form.fc-form-3 .form-element .form-element-html input[type=\"text\"]:focus,\n\t\t\t.formcraft-css .fc-form.fc-form-3 .form-element .form-element-html textarea:focus,\n\t\t\t.formcraft-css .fc-form.fc-form-3 .form-element .form-element-html select:focus\n\t\t\t{\n\t\t\t\tborder-color: #197beb;\n\t\t\t}\n\t\t\t.formcraft-css .fc-form.fc-form-3 .form-element .form-element-html .field-cover .is-read-only:focus {\n\t\t\t\tborder-color: #ccc;\n\t\t\t}\n\t\t\t.formcraft-css .fc-form.fc-form-3\t\t\t{\n\t\t\t\tfont-family: inherit;\n\t\t\t}\n\t\t\t@media (max-width : 480px) {\n\t\t\t\thtml .dedicated-page,\n\t\t\t\thtml .dedicated-page .formcraft-css .fc-pagination > div.active\n\t\t\t\t{\n\t\t\t\t\tbackground: white;\n\t\t\t\t}\n\t\t\t}\n\t\t<\/style>\n\t\t<div class=\"form-cover\">\n\t\t\t<form data-auto-scroll=\"\" data-no-message-redirect=\"\" data-thousand=\"\" data-decimal=\".\" data-delay=\"\" data-id=\"3\" class=\"fc-form fc-form-3 align- fc-temp-class save-form- dont-submit-hidden- remove-asterisk- icons-hide- disable-enter- label-floating field-border-visible frame-hidden field-alignment-left\" style=\"width: 100%; color: #666666; font-size: 100%; background: white\">\n\t\t\t\t<!-- ngRepeat: page in Builder.FormElements track by $index --><div class=\"form-page form-page-0\" data-index=\"0\">\n\t\t\t\t\t\n\t\t\t\t\t<div class=\"form-page-content      ng-not-empty\">\n\t\t\t\t\t\t<div data-identifier=\"field1\" data-index=\"0\" style=\"width: 100%\" class=\" form-element form-element-field1 options-false form-element-0 default-false form-element-type-oneLineText is-required-true odd -handle\">\n\t\t\t\t\t\t\t<div class=\"form-element-html\"><div ><label class=\"oneLineText-cover field-cover \"><span class=\"sub-label-false\"><span class=\"main-label\"><span >Name und Nachname<\/span><\/span><span class=\"sub-label\"><\/span><\/span><div><span class=\"error\"><\/span><input type=\"text\" placeholder=\"\" make-read-only=\"false\" data-field-id=\"field1\" name=\"field1[]\" data-min-char=\"\" data-max-char=\"\" data-val-type=\"\" data-regexp=\"\" data-is-required=\"true\" data-allow-spaces=\"true\" class=\"validation-lenient\" data-placement=\"right\" data-toggle=\"tooltip\" tooltip=\"\" data-trigger=\"focus\" data-html=\"true\" data-input-mask=\"\" data-mask-placeholder=\"\" data-original-title=\"\"><i class=\"formcraft-icon formcraft-icon-type-\"><\/i><\/div><\/label><\/div><\/div>\n\t\t\t\t\t\t\t\n\t\t\t\t\t\t<\/div><div data-identifier=\"field2\" data-index=\"1\" style=\"width: 100%\" class=\" even form-element form-element-field2 options-false form-element-1 default-false form-element-type-email is-required-true -handle\">\n\t\t\t\t\t\t\t<div class=\"form-element-html\"><div ><label class=\"email-cover field-cover \"><span class=\"sub-label-true\"><span class=\"main-label\"><span >Email<\/span><\/span><span class=\"sub-label\"><\/span><\/span><div><span class=\"error\"><\/span><input placeholder=\"\" data-field-id=\"field2\" type=\"text\" data-val-type=\"email\" make-read-only=\"\" data-is-required=\"true\" name=\"field2\" class=\"validation-lenient\" data-placement=\"right\" data-toggle=\"tooltip\" tooltip=\"\" data-trigger=\"focus\" data-html=\"true\" data-original-title=\"\"><i class=\"formcraft-icon\">email<\/i><\/div><\/label><\/div><\/div>\n\t\t\t\t\t\t\t\n\t\t\t\t\t\t<\/div><div data-identifier=\"field3\" data-index=\"2\" style=\"width: 100%\" class=\" form-element form-element-field3 options-false form-element-2 default-false form-element-type-oneLineText is-required-false odd -handle\">\n\t\t\t\t\t\t\t<div class=\"form-element-html\"><div ><label class=\"oneLineText-cover field-cover \"><span class=\"sub-label-true\"><span class=\"main-label\"><span >Telefon<\/span><\/span><span class=\"sub-label\"><span >your full name<\/span><\/span><\/span><div><span class=\"error\"><\/span><input type=\"text\" placeholder=\"\" make-read-only=\"false\" data-field-id=\"field3\" name=\"field3[]\" data-min-char=\"\" data-max-char=\"\" data-val-type=\"\" data-regexp=\"\" data-is-required=\"false\" data-allow-spaces=\"\" class=\"validation-lenient\" data-placement=\"right\" data-toggle=\"tooltip\" tooltip=\"\" data-trigger=\"focus\" data-html=\"true\" data-input-mask=\"\" data-mask-placeholder=\"\" data-original-title=\"\"><i class=\"formcraft-icon formcraft-icon-type-\"><\/i><\/div><\/label><\/div><\/div>\n\t\t\t\t\t\t\t\n\t\t\t\t\t\t<\/div><div data-identifier=\"field4\" data-index=\"3\" style=\"width: 100%\" class=\" even form-element form-element-field4 options-false form-element-3 default-false form-element-type-textarea is-required-true -handle\">\n\t\t\t\t\t\t\t<div class=\"form-element-html\"><div ><label class=\"textarea-cover field-cover \"><span class=\"sub-label-true\"><span class=\"main-label\"><span >Anfrage<\/span><\/span><span class=\"sub-label\"><span >more details<\/span><\/span><\/span><div><span class=\"error\"><\/span><textarea data-field-id=\"field4\" placeholder=\"\" class=\"validation-lenient\" name=\"field4\" value=\"\" rows=\"5\" data-min-char=\"\" data-max-char=\"\" data-is-required=\"true\" data-placement=\"right\" data-toggle=\"tooltip\" tooltip=\"\" data-trigger=\"focus\" data-html=\"true\" data-original-title=\"\" style=\"min-height: 107.8px\"><\/textarea><div class=\"count-\"><span class=\"current-count\">0<\/span> \/ <span class=\"max-count \"><\/span><\/div><\/div><\/label><\/div><\/div>\n\t\t\t\t\t\t\t\n\t\t\t\t\t\t<\/div><div data-identifier=\"field5\" data-index=\"4\" style=\"width: 100%\" class=\" form-element form-element-field5 options-true form-element-4 default-false form-element-type-checkbox is-required-false odd -handle\">\n\t\t\t\t\t\t\t<div class=\"form-element-html\"><div ><div class=\"images- checkbox-cover field-cover\"><span class=\"sub-label-false\"><span class=\"main-label\"><\/span><span class=\"sub-label\"><\/span><\/span><div data-placement=\"right\" data-toggle=\"tooltip\" tooltip=\"\" data-trigger=\"hover\" data-html=\"true\" data-original-title=\"\"><span class=\"error\"><\/span><label style=\"width:\" ><img alt=\"\"><input data-field-id=\"field5\" type=\"checkbox\" data-is-required=\"false\" name=\"field5[]\" value=\"Durch die Nutzung dieses Formulars stimmen Sie der Speicherung und Verarbeitung Ihrer Daten auf dieser Website zu.\" class=\"validation-lenient\"><span><span >Durch die Nutzung dieses Formulars stimmen Sie der Speicherung und Verarbeitung Ihrer Daten auf dieser Website zu.<\/span><\/span><\/label><\/div><\/div><\/div><\/div>\n\t\t\t\t\t\t\t\n\t\t\t\t\t\t<\/div><div data-identifier=\"field6\" data-index=\"5\" style=\"width: 100%\" class=\" even form-element form-element-field6 options-true form-element-5 default-false form-element-type-submit is-required-false -handle\">\n\t\t\t\t\t\t\t<div class=\"form-element-html\"><div ><div class=\"align-right wide-true submit-cover field-cover\"><button type=\"submit\" class=\"button submit-button\"><span class=\"text \">Senden<\/span><span class=\"spin-cover\"><i style=\"color:\" class=\"loading-icon icon-cog animate-spin\"><\/i><\/span><\/button><\/div><div class=\"submit-response \"><\/div><label ><input type=\"text\" class=\"required_field\" name=\"website\" autocomplete=\"maple-syrup-pot\"><\/label><\/div><\/div>\n\t\t\t\t\t\t\t\n\t\t\t\t\t\t<\/div>\n\t\t\t\t\t<\/div>\n\t\t\t\t<\/div><!-- end ngRepeat: page in Builder.FormElements track by $index -->\n\t\t\t<\/form>\n\t\t\t<div class=\"prev-next prev-next-1\" style=\"width: 100%; color: #666666; font-size: 100%; background: white\">\n\t\t\t\t<div>\n\t\t\t\t\t\n\t\t\t\t\t<span class=\"inactive page-prev \"><i class=\"formcraft-icon\">keyboard_arrow_left<\/i>Previous<\/span><\/div>\n\t\t\t\t<div>\n\t\t\t\t\t\n\t\t\t\t\t<span class=\"page-next \">Next<i class=\"formcraft-icon\">keyboard_arrow_right<\/i><\/span><\/div>\n\t\t\t<\/div>\n\t\t<\/div><\/div>[\/vc_column_text][\/vc_column][vc_column width=&#8220;7\/12&#8243; css=&#8220;.vc_custom_1684753755024{margin-left: 0px !important;padding-left: 0px !important;background-image: url(https:\/\/www.villa-bora.net\/wp-content\/uploads\/2023\/05\/balcony-view-villa-bora-moscenicka-draga.jpg?id=1259) !important;background-position: center !important;background-repeat: no-repeat !important;background-size: cover !important;}&#8220;]<div class=\"cz_gap clr  hide_on_tablet hide_on_mobile\" style=\"height: 450px\"><\/div><div class=\"cz_gap show_on_tablet clr  show_only_tablet\" style=\"height: 35px\"><\/div><div class=\"cz_gap show_on_mobile clr\" style=\"height: 350px\"><\/div>[\/vc_column][\/vc_row][vc_row][vc_column]<div class=\"cz_gap clr  hide_on_tablet hide_on_mobile\" style=\"height: 75px\"><\/div><div class=\"cz_gap show_on_tablet clr  show_only_tablet\" style=\"height: 55px\"><\/div><div class=\"cz_gap show_on_mobile clr\" style=\"height: 35px\"><\/div>[\/vc_column][\/vc_row]<\/p>\n<\/div>","protected":false},"excerpt":{"rendered":"<p>[vc_row equal_height=&#8220;yes&#8220; content_placement=&#8220;middle&#8220;][vc_column][\/vc_column][vc_column width=&#8220;7\/12&#8243;][\/vc_column][vc_column width=&#8220;5\/12&#8243;][vc_column_text]Die Villa Bora ist ein wundersch\u00f6nes Anwesen, &#8230; <\/p>\n","protected":false},"author":1,"featured_media":0,"parent":0,"menu_order":0,"comment_status":"closed","ping_status":"closed","template":"","meta":{"footnotes":""},"class_list":["post-392","page","type-page","status-publish","hentry"],"_links":{"self":[{"href":"https:\/\/www.villa-bora.net\/de\/wp-json\/wp\/v2\/pages\/392","targetHints":{"allow":["GET"]}}],"collection":[{"href":"https:\/\/www.villa-bora.net\/de\/wp-json\/wp\/v2\/pages"}],"about":[{"href":"https:\/\/www.villa-bora.net\/de\/wp-json\/wp\/v2\/types\/page"}],"author":[{"embeddable":true,"href":"https:\/\/www.villa-bora.net\/de\/wp-json\/wp\/v2\/users\/1"}],"replies":[{"embeddable":true,"href":"https:\/\/www.villa-bora.net\/de\/wp-json\/wp\/v2\/comments?post=392"}],"version-history":[{"count":26,"href":"https:\/\/www.villa-bora.net\/de\/wp-json\/wp\/v2\/pages\/392\/revisions"}],"predecessor-version":[{"id":1309,"href":"https:\/\/www.villa-bora.net\/de\/wp-json\/wp\/v2\/pages\/392\/revisions\/1309"}],"wp:attachment":[{"href":"https:\/\/www.villa-bora.net\/de\/wp-json\/wp\/v2\/media?parent=392"}],"curies":[{"name":"wp","href":"https:\/\/api.w.org\/{rel}","templated":true}]}}